{"id":2816,"date":"2026-04-02T09:03:30","date_gmt":"2026-04-02T13:03:30","guid":{"rendered":"https:\/\/namakorholdings.com\/?page_id=2816"},"modified":"2026-04-02T09:07:36","modified_gmt":"2026-04-02T13:07:36","slug":"conditions-dutilisation","status":"publish","type":"page","link":"https:\/\/namakorholdings.com\/fr\/conditions-dutilisation\/","title":{"rendered":"Conditions d\u2019utilisation"},"content":{"rendered":"<p><strong>Conditions d\u2019utilisation<\/strong><\/p>\n<p><strong>Derni\u00e8re mise \u00e0 jour :<\/strong> 14-01-2026<\/p>\n<p><strong>1. Acceptation des conditions<\/strong><\/p>\n<p>En acc\u00e9dant au site internet <a href=\"https:\/\/namakorholdings.com\/\">https:\/\/namakorholdings.com\/<\/a> (le \u00ab Site \u00bb), vous acceptez d\u2019\u00eatre li\u00e9 par les pr\u00e9sentes conditions d\u2019utilisation (les \u00ab Conditions \u00bb). Si vous n\u2019acceptez pas ces Conditions, veuillez ne pas utiliser le Site.<\/p>\n<p>Nous nous r\u00e9servons le droit de modifier les pr\u00e9sentes Conditions en tout temps. Les modifications entrent en vigueur d\u00e8s leur publication sur le Site.<\/p>\n<p><strong>2. Description du Site<\/strong><\/p>\n<p>Le Site est un site de type \u00ab vitrine \u00bb destin\u00e9 \u00e0 pr\u00e9senter l\u2019entreprise, ses services et ses coordonn\u00e9es. Le contenu est fourni \u00e0 titre informatif uniquement et ne constitue pas un avis professionnel, juridique, financier ou autre.<\/p>\n<p><strong>3. Utilisation permise<\/strong><\/p>\n<p>Vous vous engagez \u00e0 utiliser le Site uniquement \u00e0 des fins l\u00e9gales et conform\u00e9ment aux pr\u00e9sentes Conditions.<\/p>\n<p>Il est notamment interdit de :<\/p>\n<ul>\n<li>utiliser le Site d\u2019une mani\u00e8re qui pourrait en compromettre la s\u00e9curit\u00e9, l\u2019int\u00e9grit\u00e9 ou la disponibilit\u00e9 ;<\/li>\n<li>tenter d\u2019acc\u00e9der sans autorisation \u00e0 tout syst\u00e8me ou donn\u00e9e ;<\/li>\n<li>utiliser le Site pour transmettre du contenu ill\u00e9gal, diffamatoire, trompeur ou nuisible ;<\/li>\n<li>utiliser des robots, scripts ou autres moyens automatis\u00e9s pour extraire ou perturber les donn\u00e9es du Site.<\/li>\n<\/ul>\n<p><strong>4. Propri\u00e9t\u00e9 intellectuelle<\/strong><\/p>\n<p>Tous les contenus du Site (textes, images, logos, marques, graphiques, vid\u00e9os, structure, code, etc.) sont la propri\u00e9t\u00e9 de Namakor Holdings ou de ses conc\u00e9dants de licence, et sont prot\u00e9g\u00e9s par les lois applicables en mati\u00e8re de propri\u00e9t\u00e9 intellectuelle.<\/p>\n<p>Aucun contenu ne peut \u00eatre reproduit, distribu\u00e9, modifi\u00e9 ou utilis\u00e9 sans autorisation \u00e9crite pr\u00e9alable.<\/p>\n<p><strong>5. Exactitude de l\u2019information<\/strong><\/p>\n<p>Nous nous effor\u00e7ons de fournir une information exacte et \u00e0 jour, mais nous ne garantissons pas l\u2019exactitude, l\u2019exhaustivit\u00e9 ou l\u2019actualit\u00e9 du contenu du Site.<\/p>\n<p>Le contenu peut \u00eatre modifi\u00e9 en tout temps sans pr\u00e9avis.<\/p>\n<p><strong>6. Liens vers des sites tiers<\/strong><\/p>\n<p>Le Site peut contenir des liens vers des sites web de tiers. Ces liens sont fournis uniquement pour votre commodit\u00e9. Nous n\u2019exer\u00e7ons aucun contr\u00f4le sur ces sites et d\u00e9clinons toute responsabilit\u00e9 quant \u00e0 leur contenu ou \u00e0 leurs pratiques.<\/p>\n<p><strong>7. Limitation de responsabilit\u00e9<\/strong><\/p>\n<p>Dans la mesure permise par la loi, Namakor Holdings d\u00e9cline toute responsabilit\u00e9 pour tout dommage direct ou indirect r\u00e9sultant de l\u2019utilisation ou de l\u2019impossibilit\u00e9 d\u2019utiliser le Site, y compris notamment toute perte de donn\u00e9es, perte de profits, interruption d\u2019activit\u00e9s ou atteinte aux syst\u00e8mes informatiques.<\/p>\n<p><strong>8. Protection des renseignements personnels<\/strong><\/p>\n<p>L\u2019utilisation du Site est \u00e9galement r\u00e9gie par notre <strong>Politique de confidentialit\u00e9<\/strong>, laquelle fait partie int\u00e9grante des pr\u00e9sentes Conditions.<\/p>\n<p><strong>9. Droit applicable et juridiction<\/strong><\/p>\n<p>Les pr\u00e9sentes Conditions sont r\u00e9gies par les lois de la province de Qu\u00e9bec et les lois f\u00e9d\u00e9rales du Canada applicables, sans \u00e9gard aux r\u00e8gles de conflit de lois.<\/p>\n<p>Tout litige relatif aux pr\u00e9sentes Conditions sera soumis aux tribunaux comp\u00e9tents du district judiciaire o\u00f9 est situ\u00e9 le si\u00e8ge de l\u2019entreprise, sauf disposition imp\u00e9rative contraire.<\/p>\n<p><strong>10. Nous joindre<\/strong><\/p>\n<p>Pour toute question concernant les pr\u00e9sentes Conditions, vous pouvez nous contacter \u00e0 :<br \/>\nNom : <strong>Audrey Chiniara<\/strong><br \/>\nCourriel : <a href=\"mailto:achiniara@namakor.com\">achiniara@namakor.com<\/a><br \/>\nAdresses :<\/p>\n<p><strong>Montr\u00e9al, Canada<\/strong>\u00a0 333 Riverside Drive, bureau 001, Saint-Lambert, (Qu\u00e9bec) J4P 1A9<\/p>\n<p><strong>Tampa, \u00c9tats-Unis<\/strong> 1810 W. Kennedy Blvd., Tampa, FL 33606<\/p>\n","protected":false},"excerpt":{"rendered":"<p>Conditions d\u2019utilisation Derni\u00e8re mise \u00e0 jour : 14-01-2026 1. Acceptation des conditions En acc\u00e9dant au site internet https:\/\/namakorholdings.com\/ (le \u00ab Site \u00bb), vous acceptez d\u2019\u00eatre li\u00e9 par les pr\u00e9sentes conditions d\u2019utilisation (les \u00ab Conditions \u00bb). Si vous n\u2019acceptez pas ces Conditions, veuillez ne pas utiliser le Site. Nous nous r\u00e9servons le droit de modifier les [&hellip;]<\/p>\n","protected":false},"author":1,"featured_media":0,"parent":0,"menu_order":0,"comment_status":"closed","ping_status":"closed","template":"","meta":{"_acf_changed":false,"footnotes":""},"class_list":["post-2816","page","type-page","status-publish","hentry"],"acf":[],"yoast_head":"<!-- This site is optimized with the Yoast SEO plugin v26.7 - https:\/\/yoast.com\/wordpress\/plugins\/seo\/ -->\n<title>Conditions d\u2019utilisation<\/title>\n<meta name=\"robots\" content=\"index, follow, max-snippet:-1, max-image-preview:large, max-video-preview:-1\" \/>\n<link rel=\"canonical\" href=\"https:\/\/namakorholdings.com\/fr\/conditions-dutilisation\/\" \/>\n<meta property=\"og:locale\" content=\"fr_FR\" \/>\n<meta property=\"og:type\" content=\"article\" \/>\n<meta property=\"og:title\" content=\"Conditions d\u2019utilisation\" \/>\n<meta property=\"og:description\" content=\"Conditions d\u2019utilisation Derni\u00e8re mise \u00e0 jour : 14-01-2026 1. Acceptation des conditions En acc\u00e9dant au site internet https:\/\/namakorholdings.com\/ (le \u00ab Site \u00bb), vous acceptez d\u2019\u00eatre li\u00e9 par les pr\u00e9sentes conditions d\u2019utilisation (les \u00ab Conditions \u00bb). Si vous n\u2019acceptez pas ces Conditions, veuillez ne pas utiliser le Site. Nous nous r\u00e9servons le droit de modifier les [&hellip;]\" \/>\n<meta property=\"og:url\" content=\"https:\/\/namakorholdings.com\/fr\/conditions-dutilisation\/\" \/>\n<meta property=\"og:site_name\" content=\"Namakor Holdings\" \/>\n<meta property=\"article:modified_time\" content=\"2026-04-02T13:07:36+00:00\" \/>\n<meta name=\"twitter:card\" content=\"summary_large_image\" \/>\n<meta name=\"twitter:label1\" content=\"Dur\u00e9e de lecture estim\u00e9e\" \/>\n\t<meta name=\"twitter:data1\" content=\"3 minutes\" \/>\n<!-- \/ Yoast SEO plugin. -->","yoast_head_json":{"title":"Conditions d\u2019utilisation","robots":{"index":"index","follow":"follow","max-snippet":"max-snippet:-1","max-image-preview":"max-image-preview:large","max-video-preview":"max-video-preview:-1"},"canonical":"https:\/\/namakorholdings.com\/fr\/conditions-dutilisation\/","og_locale":"fr_FR","og_type":"article","og_title":"Conditions d\u2019utilisation","og_description":"Conditions d\u2019utilisation Derni\u00e8re mise \u00e0 jour : 14-01-2026 1. Acceptation des conditions En acc\u00e9dant au site internet https:\/\/namakorholdings.com\/ (le \u00ab Site \u00bb), vous acceptez d\u2019\u00eatre li\u00e9 par les pr\u00e9sentes conditions d\u2019utilisation (les \u00ab Conditions \u00bb). Si vous n\u2019acceptez pas ces Conditions, veuillez ne pas utiliser le Site. Nous nous r\u00e9servons le droit de modifier les [&hellip;]","og_url":"https:\/\/namakorholdings.com\/fr\/conditions-dutilisation\/","og_site_name":"Namakor Holdings","article_modified_time":"2026-04-02T13:07:36+00:00","twitter_card":"summary_large_image","twitter_misc":{"Dur\u00e9e de lecture estim\u00e9e":"3 minutes"},"schema":{"@context":"https:\/\/schema.org","@graph":[{"@type":"WebPage","@id":"https:\/\/namakorholdings.com\/fr\/conditions-dutilisation\/","url":"https:\/\/namakorholdings.com\/fr\/conditions-dutilisation\/","name":"Conditions d\u2019utilisation","isPartOf":{"@id":"https:\/\/namakorholdings.com\/fr\/#website"},"datePublished":"2026-04-02T13:03:30+00:00","dateModified":"2026-04-02T13:07:36+00:00","breadcrumb":{"@id":"https:\/\/namakorholdings.com\/fr\/conditions-dutilisation\/#breadcrumb"},"inLanguage":"fr-FR","potentialAction":[{"@type":"ReadAction","target":["https:\/\/namakorholdings.com\/fr\/conditions-dutilisation\/"]}]},{"@type":"BreadcrumbList","@id":"https:\/\/namakorholdings.com\/fr\/conditions-dutilisation\/#breadcrumb","itemListElement":[{"@type":"ListItem","position":1,"name":"Home","item":"https:\/\/namakorholdings.com\/fr\/"},{"@type":"ListItem","position":2,"name":"Conditions d\u2019utilisation"}]},{"@type":"WebSite","@id":"https:\/\/namakorholdings.com\/fr\/#website","url":"https:\/\/namakorholdings.com\/fr\/","name":"Namakor","description":"","publisher":{"@id":"https:\/\/namakorholdings.com\/fr\/#organization"},"potentialAction":[{"@type":"SearchAction","target":{"@type":"EntryPoint","urlTemplate":"https:\/\/namakorholdings.com\/fr\/?s={search_term_string}"},"query-input":{"@type":"PropertyValueSpecification","valueRequired":true,"valueName":"search_term_string"}}],"inLanguage":"fr-FR"},{"@type":"Organization","@id":"https:\/\/namakorholdings.com\/fr\/#organization","name":"Namakor","url":"https:\/\/namakorholdings.com\/fr\/","logo":{"@type":"ImageObject","inLanguage":"fr-FR","@id":"https:\/\/namakorholdings.com\/fr\/#\/schema\/logo\/image\/","url":"https:\/\/namakorholdings.com\/wp-content\/uploads\/2025\/03\/icon_url.png","contentUrl":"https:\/\/namakorholdings.com\/wp-content\/uploads\/2025\/03\/icon_url.png","width":512,"height":512,"caption":"Namakor"},"image":{"@id":"https:\/\/namakorholdings.com\/fr\/#\/schema\/logo\/image\/"},"sameAs":["https:\/\/www.linkedin.com\/company\/nama-holdings\/posts\/?feedView=all"]}]}},"_links":{"self":[{"href":"https:\/\/namakorholdings.com\/fr\/wp-json\/wp\/v2\/pages\/2816","targetHints":{"allow":["GET"]}}],"collection":[{"href":"https:\/\/namakorholdings.com\/fr\/wp-json\/wp\/v2\/pages"}],"about":[{"href":"https:\/\/namakorholdings.com\/fr\/wp-json\/wp\/v2\/types\/page"}],"author":[{"embeddable":true,"href":"https:\/\/namakorholdings.com\/fr\/wp-json\/wp\/v2\/users\/1"}],"replies":[{"embeddable":true,"href":"https:\/\/namakorholdings.com\/fr\/wp-json\/wp\/v2\/comments?post=2816"}],"version-history":[{"count":3,"href":"https:\/\/namakorholdings.com\/fr\/wp-json\/wp\/v2\/pages\/2816\/revisions"}],"predecessor-version":[{"id":2822,"href":"https:\/\/namakorholdings.com\/fr\/wp-json\/wp\/v2\/pages\/2816\/revisions\/2822"}],"wp:attachment":[{"href":"https:\/\/namakorholdings.com\/fr\/wp-json\/wp\/v2\/media?parent=2816"}],"curies":[{"name":"wp","href":"https:\/\/api.w.org\/{rel}","templated":true}]}}