{"id":51,"date":"2025-03-06T15:22:58","date_gmt":"2025-03-06T20:22:58","guid":{"rendered":"https:\/\/namakorholdings.com\/?page_id=51"},"modified":"2026-03-13T14:52:10","modified_gmt":"2026-03-13T18:52:10","slug":"notre-approche","status":"publish","type":"page","link":"https:\/\/namakorholdings.com\/fr\/notre-approche\/","title":{"rendered":"Notre approche"},"content":{"rendered":"","protected":false},"excerpt":{"rendered":"","protected":false},"author":1,"featured_media":0,"parent":0,"menu_order":0,"comment_status":"closed","ping_status":"closed","template":"template-approche.php","meta":{"_acf_changed":false,"footnotes":""},"class_list":["post-51","page","type-page","status-publish","hentry"],"acf":[],"yoast_head":"<!-- This site is optimized with the Yoast SEO plugin v26.7 - https:\/\/yoast.com\/wordpress\/plugins\/seo\/ -->\n<title>Strat\u00e9gie d\u2019investissement pour PME manufacturi\u00e8res | Namakor<\/title>\n<meta name=\"description\" content=\"D\u00e9couvrez l\u2019approche de capital-investissement de Namakor pour acqu\u00e9rir et d\u00e9velopper des entreprises manufacturi\u00e8res gr\u00e2ce \u00e0 la rel\u00e8ve, la recapitalisation et la croissance strat\u00e9gique.\" \/>\n<meta name=\"robots\" content=\"index, follow, max-snippet:-1, max-image-preview:large, max-video-preview:-1\" \/>\n<link rel=\"canonical\" href=\"https:\/\/namakorholdings.com\/fr\/notre-approche\/\" \/>\n<meta property=\"og:locale\" content=\"fr_FR\" \/>\n<meta property=\"og:type\" content=\"article\" \/>\n<meta property=\"og:title\" content=\"Strat\u00e9gie d\u2019investissement pour PME manufacturi\u00e8res | Namakor\" \/>\n<meta property=\"og:description\" content=\"D\u00e9couvrez l\u2019approche de capital-investissement de Namakor pour acqu\u00e9rir et d\u00e9velopper des entreprises manufacturi\u00e8res gr\u00e2ce \u00e0 la rel\u00e8ve, la recapitalisation et la croissance strat\u00e9gique.\" \/>\n<meta property=\"og:url\" content=\"https:\/\/namakorholdings.com\/fr\/notre-approche\/\" \/>\n<meta property=\"og:site_name\" content=\"Namakor Holdings\" \/>\n<meta property=\"article:modified_time\" content=\"2026-03-13T18:52:10+00:00\" \/>\n<meta name=\"twitter:card\" content=\"summary_large_image\" \/>\n<!-- \/ Yoast SEO plugin. -->","yoast_head_json":{"title":"Strat\u00e9gie d\u2019investissement pour PME manufacturi\u00e8res | Namakor","description":"D\u00e9couvrez l\u2019approche de capital-investissement de Namakor pour acqu\u00e9rir et d\u00e9velopper des entreprises manufacturi\u00e8res gr\u00e2ce \u00e0 la rel\u00e8ve, la recapitalisation et la croissance strat\u00e9gique.","robots":{"index":"index","follow":"follow","max-snippet":"max-snippet:-1","max-image-preview":"max-image-preview:large","max-video-preview":"max-video-preview:-1"},"canonical":"https:\/\/namakorholdings.com\/fr\/notre-approche\/","og_locale":"fr_FR","og_type":"article","og_title":"Strat\u00e9gie d\u2019investissement pour PME manufacturi\u00e8res | Namakor","og_description":"D\u00e9couvrez l\u2019approche de capital-investissement de Namakor pour acqu\u00e9rir et d\u00e9velopper des entreprises manufacturi\u00e8res gr\u00e2ce \u00e0 la rel\u00e8ve, la recapitalisation et la croissance strat\u00e9gique.","og_url":"https:\/\/namakorholdings.com\/fr\/notre-approche\/","og_site_name":"Namakor Holdings","article_modified_time":"2026-03-13T18:52:10+00:00","twitter_card":"summary_large_image","schema":{"@context":"https:\/\/schema.org","@graph":[{"@type":"WebPage","@id":"https:\/\/namakorholdings.com\/fr\/notre-approche\/","url":"https:\/\/namakorholdings.com\/fr\/notre-approche\/","name":"Strat\u00e9gie d\u2019investissement pour PME manufacturi\u00e8res | Namakor","isPartOf":{"@id":"https:\/\/namakorholdings.com\/fr\/#website"},"datePublished":"2025-03-06T20:22:58+00:00","dateModified":"2026-03-13T18:52:10+00:00","description":"D\u00e9couvrez l\u2019approche de capital-investissement de Namakor pour acqu\u00e9rir et d\u00e9velopper des entreprises manufacturi\u00e8res gr\u00e2ce \u00e0 la rel\u00e8ve, la recapitalisation et la croissance strat\u00e9gique.","breadcrumb":{"@id":"https:\/\/namakorholdings.com\/fr\/notre-approche\/#breadcrumb"},"inLanguage":"fr-FR","potentialAction":[{"@type":"ReadAction","target":["https:\/\/namakorholdings.com\/fr\/notre-approche\/"]}]},{"@type":"BreadcrumbList","@id":"https:\/\/namakorholdings.com\/fr\/notre-approche\/#breadcrumb","itemListElement":[{"@type":"ListItem","position":1,"name":"Home","item":"https:\/\/namakorholdings.com\/fr\/"},{"@type":"ListItem","position":2,"name":"Notre approche"}]},{"@type":"WebSite","@id":"https:\/\/namakorholdings.com\/fr\/#website","url":"https:\/\/namakorholdings.com\/fr\/","name":"Namakor","description":"","publisher":{"@id":"https:\/\/namakorholdings.com\/fr\/#organization"},"potentialAction":[{"@type":"SearchAction","target":{"@type":"EntryPoint","urlTemplate":"https:\/\/namakorholdings.com\/fr\/?s={search_term_string}"},"query-input":{"@type":"PropertyValueSpecification","valueRequired":true,"valueName":"search_term_string"}}],"inLanguage":"fr-FR"},{"@type":"Organization","@id":"https:\/\/namakorholdings.com\/fr\/#organization","name":"Namakor","url":"https:\/\/namakorholdings.com\/fr\/","logo":{"@type":"ImageObject","inLanguage":"fr-FR","@id":"https:\/\/namakorholdings.com\/fr\/#\/schema\/logo\/image\/","url":"https:\/\/namakorholdings.com\/wp-content\/uploads\/2025\/03\/icon_url.png","contentUrl":"https:\/\/namakorholdings.com\/wp-content\/uploads\/2025\/03\/icon_url.png","width":512,"height":512,"caption":"Namakor"},"image":{"@id":"https:\/\/namakorholdings.com\/fr\/#\/schema\/logo\/image\/"},"sameAs":["https:\/\/www.linkedin.com\/company\/nama-holdings\/posts\/?feedView=all"]}]}},"_links":{"self":[{"href":"https:\/\/namakorholdings.com\/fr\/wp-json\/wp\/v2\/pages\/51","targetHints":{"allow":["GET"]}}],"collection":[{"href":"https:\/\/namakorholdings.com\/fr\/wp-json\/wp\/v2\/pages"}],"about":[{"href":"https:\/\/namakorholdings.com\/fr\/wp-json\/wp\/v2\/types\/page"}],"author":[{"embeddable":true,"href":"https:\/\/namakorholdings.com\/fr\/wp-json\/wp\/v2\/users\/1"}],"replies":[{"embeddable":true,"href":"https:\/\/namakorholdings.com\/fr\/wp-json\/wp\/v2\/comments?post=51"}],"version-history":[{"count":17,"href":"https:\/\/namakorholdings.com\/fr\/wp-json\/wp\/v2\/pages\/51\/revisions"}],"predecessor-version":[{"id":2801,"href":"https:\/\/namakorholdings.com\/fr\/wp-json\/wp\/v2\/pages\/51\/revisions\/2801"}],"wp:attachment":[{"href":"https:\/\/namakorholdings.com\/fr\/wp-json\/wp\/v2\/media?parent=51"}],"curies":[{"name":"wp","href":"https:\/\/api.w.org\/{rel}","templated":true}]}}